{"id":121,"date":"2018-11-19T08:58:39","date_gmt":"2018-11-19T07:58:39","guid":{"rendered":"http:\/\/vippharma.dk\/contact\/"},"modified":"2019-06-10T12:06:40","modified_gmt":"2019-06-10T11:06:40","slug":"kontakt","status":"publish","type":"page","link":"https:\/\/vippharma.dk\/da\/kontakt\/","title":{"rendered":"Kontakt"},"content":{"rendered":"[vc_row][vc_column width=&#8221;1\/2&#8243;][vc_column_text]\n<h1>Kontakt<\/h1>\n<p>Kontakt venligst VIPpharma Aps for at f\u00e5 yderligere information om firmaet og hvilke konsulentydelser, vi kan tilbyde.<\/p>\n<p>&nbsp;<\/p>\n<p>VIPpharma ApS<br \/>\nBj\u00e6lkevangen 9<br \/>\nDK-2690 Karlslunde<\/p>\n<p>&nbsp;<\/p>\n<p>Phone: <a href=\"tel:40904526\">+45 4090 4526<\/a><br \/>\nE-mail: <a href=\"mailto:vibeke@vippharma.dk\" target=\"_blank\" rel=\"noopener\">vibeke@vippharma.dk<\/a><br \/>\nWebsite: <a href=\"http:\/\/www.vippharma.dk\">vippharma.dk<\/a><br \/>\nNetv\u00e6rk:\u00a0<a href=\"https:\/\/www.linkedin.com\/in\/vibeke-w%C3%A6rens-1682ba16\/\" target=\"_blank\" rel=\"noopener\">LinkedIn<\/a><\/p>\n<p>CVR\/VAT number: 32 04 76 37[\/vc_column_text][\/vc_column][vc_column width=&#8221;1\/2&#8243; css=&#8221;.vc_custom_1542889556578{background-color: #eaeaea !important;}&#8221;][vc_single_image image=&#8221;76&#8243; img_size=&#8221;large&#8221; css_animation=&#8221;fadeIn&#8221;][\/vc_column][\/vc_row]\n","protected":false},"excerpt":{"rendered":"<p>[vc_row][vc_column width=&#8221;1\/2&#8243;][vc_column_text] Kontakt Kontakt venligst VIPpharma Aps for at f\u00e5 yderligere information om firmaet og hvilke konsulentydelser, vi kan tilbyde. &nbsp; VIPpharma ApS Bj\u00e6lkevangen 9 DK-2690 Karlslunde &nbsp; Phone: +45 4090 4526 E-mail: vibeke@vippharma.dk Website: vippharma.dk Netv\u00e6rk:\u00a0LinkedIn CVR\/VAT number: 32 04 76 37[\/vc_column_text][\/vc_column][vc_column width=&#8221;1\/2&#8243; css=&#8221;.vc_custom_1542889556578{background-color: #eaeaea !important;}&#8221;][vc_single_image image=&#8221;76&#8243; img_size=&#8221;large&#8221; css_animation=&#8221;fadeIn&#8221;][\/vc_column][\/vc_row]<\/p>\n","protected":false},"author":2,"featured_media":77,"parent":0,"menu_order":0,"comment_status":"closed","ping_status":"closed","template":"","meta":[],"yoast_head":"<!-- This site is optimized with the Yoast SEO plugin v20.4 - https:\/\/yoast.com\/wordpress\/plugins\/seo\/ -->\n<title>Kontakt - VIPPHARMA<\/title>\n<meta name=\"robots\" content=\"index, follow, max-snippet:-1, max-image-preview:large, max-video-preview:-1\" \/>\n<link rel=\"canonical\" href=\"https:\/\/vippharma.dk\/da\/kontakt\/\" \/>\n<meta property=\"og:locale\" content=\"da_DK\" \/>\n<meta property=\"og:type\" content=\"article\" \/>\n<meta property=\"og:title\" content=\"Kontakt - VIPPHARMA\" \/>\n<meta property=\"og:description\" content=\"[vc_row][vc_column width=&#8221;1\/2&#8243;][vc_column_text] Kontakt Kontakt venligst VIPpharma Aps for at f\u00e5 yderligere information om firmaet og hvilke konsulentydelser, vi kan tilbyde. &nbsp; VIPpharma ApS Bj\u00e6lkevangen 9 DK-2690 Karlslunde &nbsp; Phone: +45 4090 4526 E-mail: vibeke@vippharma.dk Website: vippharma.dk Netv\u00e6rk:\u00a0LinkedIn CVR\/VAT number: 32 04 76 37[\/vc_column_text][\/vc_column][vc_column width=&#8221;1\/2&#8243; css=&#8221;.vc_custom_1542889556578{background-color: #eaeaea !important;}&#8221;][vc_single_image image=&#8221;76&#8243; img_size=&#8221;large&#8221; css_animation=&#8221;fadeIn&#8221;][\/vc_column][\/vc_row]\" \/>\n<meta property=\"og:url\" content=\"https:\/\/vippharma.dk\/da\/kontakt\/\" \/>\n<meta property=\"og:site_name\" content=\"VIPPHARMA\" \/>\n<meta property=\"article:modified_time\" content=\"2019-06-10T11:06:40+00:00\" \/>\n<meta property=\"og:image\" content=\"http:\/\/vippharma.dk\/wp-content\/uploads\/2019\/02\/Vibeke-Kj\u00e6r-W\u00e6rens-VIP-Pharma_Z9A5620_B.jpg\" \/>\n\t<meta property=\"og:image:width\" content=\"1054\" \/>\n\t<meta property=\"og:image:height\" content=\"1054\" \/>\n\t<meta property=\"og:image:type\" content=\"image\/jpeg\" \/>\n<meta name=\"twitter:card\" content=\"summary_large_image\" \/>\n<script type=\"application\/ld+json\" class=\"yoast-schema-graph\">{\"@context\":\"https:\/\/schema.org\",\"@graph\":[{\"@type\":\"WebPage\",\"@id\":\"https:\/\/vippharma.dk\/da\/kontakt\/\",\"url\":\"https:\/\/vippharma.dk\/da\/kontakt\/\",\"name\":\"Kontakt - VIPPHARMA\",\"isPartOf\":{\"@id\":\"https:\/\/vippharma.dk\/#website\"},\"datePublished\":\"2018-11-19T07:58:39+00:00\",\"dateModified\":\"2019-06-10T11:06:40+00:00\",\"breadcrumb\":{\"@id\":\"https:\/\/vippharma.dk\/da\/kontakt\/#breadcrumb\"},\"inLanguage\":\"da-DK\",\"potentialAction\":[{\"@type\":\"ReadAction\",\"target\":[\"https:\/\/vippharma.dk\/da\/kontakt\/\"]}]},{\"@type\":\"BreadcrumbList\",\"@id\":\"https:\/\/vippharma.dk\/da\/kontakt\/#breadcrumb\",\"itemListElement\":[{\"@type\":\"ListItem\",\"position\":1,\"name\":\"Home\",\"item\":\"https:\/\/vippharma.dk\/da\/\"},{\"@type\":\"ListItem\",\"position\":2,\"name\":\"Kontakt\"}]},{\"@type\":\"WebSite\",\"@id\":\"https:\/\/vippharma.dk\/#website\",\"url\":\"https:\/\/vippharma.dk\/\",\"name\":\"VIPPHARMA\",\"description\":\"\",\"potentialAction\":[{\"@type\":\"SearchAction\",\"target\":{\"@type\":\"EntryPoint\",\"urlTemplate\":\"https:\/\/vippharma.dk\/?s={search_term_string}\"},\"query-input\":\"required name=search_term_string\"}],\"inLanguage\":\"da-DK\"}]}<\/script>\n<!-- \/ Yoast SEO plugin. -->","yoast_head_json":{"title":"Kontakt - VIPPHARMA","robots":{"index":"index","follow":"follow","max-snippet":"max-snippet:-1","max-image-preview":"max-image-preview:large","max-video-preview":"max-video-preview:-1"},"canonical":"https:\/\/vippharma.dk\/da\/kontakt\/","og_locale":"da_DK","og_type":"article","og_title":"Kontakt - VIPPHARMA","og_description":"[vc_row][vc_column width=&#8221;1\/2&#8243;][vc_column_text] Kontakt Kontakt venligst VIPpharma Aps for at f\u00e5 yderligere information om firmaet og hvilke konsulentydelser, vi kan tilbyde. &nbsp; VIPpharma ApS Bj\u00e6lkevangen 9 DK-2690 Karlslunde &nbsp; Phone: +45 4090 4526 E-mail: vibeke@vippharma.dk Website: vippharma.dk Netv\u00e6rk:\u00a0LinkedIn CVR\/VAT number: 32 04 76 37[\/vc_column_text][\/vc_column][vc_column width=&#8221;1\/2&#8243; css=&#8221;.vc_custom_1542889556578{background-color: #eaeaea !important;}&#8221;][vc_single_image image=&#8221;76&#8243; img_size=&#8221;large&#8221; css_animation=&#8221;fadeIn&#8221;][\/vc_column][\/vc_row]","og_url":"https:\/\/vippharma.dk\/da\/kontakt\/","og_site_name":"VIPPHARMA","article_modified_time":"2019-06-10T11:06:40+00:00","og_image":[{"width":1054,"height":1054,"url":"http:\/\/vippharma.dk\/wp-content\/uploads\/2019\/02\/Vibeke-Kj\u00e6r-W\u00e6rens-VIP-Pharma_Z9A5620_B.jpg","type":"image\/jpeg"}],"twitter_card":"summary_large_image","schema":{"@context":"https:\/\/schema.org","@graph":[{"@type":"WebPage","@id":"https:\/\/vippharma.dk\/da\/kontakt\/","url":"https:\/\/vippharma.dk\/da\/kontakt\/","name":"Kontakt - VIPPHARMA","isPartOf":{"@id":"https:\/\/vippharma.dk\/#website"},"datePublished":"2018-11-19T07:58:39+00:00","dateModified":"2019-06-10T11:06:40+00:00","breadcrumb":{"@id":"https:\/\/vippharma.dk\/da\/kontakt\/#breadcrumb"},"inLanguage":"da-DK","potentialAction":[{"@type":"ReadAction","target":["https:\/\/vippharma.dk\/da\/kontakt\/"]}]},{"@type":"BreadcrumbList","@id":"https:\/\/vippharma.dk\/da\/kontakt\/#breadcrumb","itemListElement":[{"@type":"ListItem","position":1,"name":"Home","item":"https:\/\/vippharma.dk\/da\/"},{"@type":"ListItem","position":2,"name":"Kontakt"}]},{"@type":"WebSite","@id":"https:\/\/vippharma.dk\/#website","url":"https:\/\/vippharma.dk\/","name":"VIPPHARMA","description":"","potentialAction":[{"@type":"SearchAction","target":{"@type":"EntryPoint","urlTemplate":"https:\/\/vippharma.dk\/?s={search_term_string}"},"query-input":"required name=search_term_string"}],"inLanguage":"da-DK"}]}},"_links":{"self":[{"href":"https:\/\/vippharma.dk\/da\/wp-json\/wp\/v2\/pages\/121"}],"collection":[{"href":"https:\/\/vippharma.dk\/da\/wp-json\/wp\/v2\/pages"}],"about":[{"href":"https:\/\/vippharma.dk\/da\/wp-json\/wp\/v2\/types\/page"}],"author":[{"embeddable":true,"href":"https:\/\/vippharma.dk\/da\/wp-json\/wp\/v2\/users\/2"}],"replies":[{"embeddable":true,"href":"https:\/\/vippharma.dk\/da\/wp-json\/wp\/v2\/comments?post=121"}],"version-history":[{"count":5,"href":"https:\/\/vippharma.dk\/da\/wp-json\/wp\/v2\/pages\/121\/revisions"}],"predecessor-version":[{"id":225,"href":"https:\/\/vippharma.dk\/da\/wp-json\/wp\/v2\/pages\/121\/revisions\/225"}],"wp:featuredmedia":[{"embeddable":true,"href":"https:\/\/vippharma.dk\/da\/wp-json\/wp\/v2\/media\/77"}],"wp:attachment":[{"href":"https:\/\/vippharma.dk\/da\/wp-json\/wp\/v2\/media?parent=121"}],"curies":[{"name":"wp","href":"https:\/\/api.w.org\/{rel}","templated":true}]}}