{"id":127,"date":"2018-11-19T10:32:38","date_gmt":"2018-11-19T10:32:38","guid":{"rendered":"http:\/\/vippharma.dk\/home\/"},"modified":"2019-06-10T16:37:45","modified_gmt":"2019-06-10T15:37:45","slug":"qa-qc-konsulent","status":"publish","type":"page","link":"https:\/\/vippharma.dk\/da\/qa-qc-konsulent\/","title":{"rendered":"Din QA &#038; QC konsulent"},"content":{"rendered":"[vc_row][vc_column width=&#8221;1\/2&#8243;][vc_column_text]\n<h1>Din QA &amp; QC konsulent<\/h1>\n<p>VIPpharma ApS er et selvst\u00e6ndigt konsulentfirma, der tilbyder assistance indenfor kvalitetsomr\u00e5det i den farmaceutisk branche, b\u00e5de indenfor udviklingsomr\u00e5det og for markedsf\u00f8rte l\u00e6gemidler.<\/p>\n<p>VIPpharma ApS blev etableret i 2009 af Vibeke Kj\u00e6r W\u00e6rens, der har mere end 25 \u00e5rs indenfor QA, QC og Analytical Development, samt som projektleder, lead auditor og QP.<\/p>\n<p>Inden oprettelsen af VIPpharma var Vibeke Kj\u00e6r W\u00e6rens ansvarlig som Qualified Person og Director for QA\/QC i Ferring A\/S.[\/vc_column_text][\/vc_column][vc_column width=&#8221;1\/2&#8243; css=&#8221;.vc_custom_1542889531432{background-color: #eaeaea !important;}&#8221;][vc_single_image image=&#8221;80&#8243; img_size=&#8221;large&#8221; css_animation=&#8221;fadeIn&#8221;][\/vc_column][\/vc_row]\n","protected":false},"excerpt":{"rendered":"<p>[vc_row][vc_column width=&#8221;1\/2&#8243;][vc_column_text] Din QA &amp; QC konsulent VIPpharma ApS er et selvst\u00e6ndigt konsulentfirma, der tilbyder assistance indenfor kvalitetsomr\u00e5det i den farmaceutisk branche, b\u00e5de indenfor udviklingsomr\u00e5det og for markedsf\u00f8rte l\u00e6gemidler. VIPpharma ApS blev etableret i 2009 af Vibeke Kj\u00e6r W\u00e6rens, der har mere end 25 \u00e5rs indenfor QA, QC og Analytical Development, samt som projektleder, lead&hellip;<\/p>\n","protected":false},"author":2,"featured_media":79,"parent":0,"menu_order":0,"comment_status":"closed","ping_status":"closed","template":"","meta":[],"yoast_head":"<!-- This site is optimized with the Yoast SEO plugin v20.4 - https:\/\/yoast.com\/wordpress\/plugins\/seo\/ -->\n<title>Din QA &amp; QC konsulent - VIPPHARMA<\/title>\n<meta name=\"robots\" content=\"index, follow, max-snippet:-1, max-image-preview:large, max-video-preview:-1\" \/>\n<link rel=\"canonical\" href=\"https:\/\/vippharma.dk\/da\/qa-qc-konsulent\/\" \/>\n<meta property=\"og:locale\" content=\"da_DK\" \/>\n<meta property=\"og:type\" content=\"article\" \/>\n<meta property=\"og:title\" content=\"Din QA &amp; QC konsulent - VIPPHARMA\" \/>\n<meta property=\"og:description\" content=\"[vc_row][vc_column width=&#8221;1\/2&#8243;][vc_column_text] Din QA &amp; QC konsulent VIPpharma ApS er et selvst\u00e6ndigt konsulentfirma, der tilbyder assistance indenfor kvalitetsomr\u00e5det i den farmaceutisk branche, b\u00e5de indenfor udviklingsomr\u00e5det og for markedsf\u00f8rte l\u00e6gemidler. VIPpharma ApS blev etableret i 2009 af Vibeke Kj\u00e6r W\u00e6rens, der har mere end 25 \u00e5rs indenfor QA, QC og Analytical Development, samt som projektleder, lead&hellip;\" \/>\n<meta property=\"og:url\" content=\"https:\/\/vippharma.dk\/da\/qa-qc-konsulent\/\" \/>\n<meta property=\"og:site_name\" content=\"VIPPHARMA\" \/>\n<meta property=\"article:modified_time\" content=\"2019-06-10T15:37:45+00:00\" \/>\n<meta property=\"og:image\" content=\"http:\/\/vippharma.dk\/wp-content\/uploads\/2019\/02\/Vibeke-Kj\u00e6r-W\u00e6rens-VIP-Pharma_Z9A5688_A.jpg\" \/>\n\t<meta property=\"og:image:width\" content=\"1613\" \/>\n\t<meta property=\"og:image:height\" content=\"1075\" \/>\n\t<meta property=\"og:image:type\" content=\"image\/jpeg\" \/>\n<meta name=\"twitter:card\" content=\"summary_large_image\" \/>\n<meta name=\"twitter:label1\" content=\"Est. reading time\" \/>\n\t<meta name=\"twitter:data1\" content=\"1 minute\" \/>\n<script type=\"application\/ld+json\" class=\"yoast-schema-graph\">{\"@context\":\"https:\/\/schema.org\",\"@graph\":[{\"@type\":\"WebPage\",\"@id\":\"https:\/\/vippharma.dk\/da\/qa-qc-konsulent\/\",\"url\":\"https:\/\/vippharma.dk\/da\/qa-qc-konsulent\/\",\"name\":\"Din QA & QC konsulent - VIPPHARMA\",\"isPartOf\":{\"@id\":\"https:\/\/vippharma.dk\/#website\"},\"datePublished\":\"2018-11-19T10:32:38+00:00\",\"dateModified\":\"2019-06-10T15:37:45+00:00\",\"breadcrumb\":{\"@id\":\"https:\/\/vippharma.dk\/da\/qa-qc-konsulent\/#breadcrumb\"},\"inLanguage\":\"da-DK\",\"potentialAction\":[{\"@type\":\"ReadAction\",\"target\":[\"https:\/\/vippharma.dk\/da\/qa-qc-konsulent\/\"]}]},{\"@type\":\"BreadcrumbList\",\"@id\":\"https:\/\/vippharma.dk\/da\/qa-qc-konsulent\/#breadcrumb\",\"itemListElement\":[{\"@type\":\"ListItem\",\"position\":1,\"name\":\"Home\",\"item\":\"https:\/\/vippharma.dk\/da\/\"},{\"@type\":\"ListItem\",\"position\":2,\"name\":\"Din QA &#038; QC konsulent\"}]},{\"@type\":\"WebSite\",\"@id\":\"https:\/\/vippharma.dk\/#website\",\"url\":\"https:\/\/vippharma.dk\/\",\"name\":\"VIPPHARMA\",\"description\":\"\",\"potentialAction\":[{\"@type\":\"SearchAction\",\"target\":{\"@type\":\"EntryPoint\",\"urlTemplate\":\"https:\/\/vippharma.dk\/?s={search_term_string}\"},\"query-input\":\"required name=search_term_string\"}],\"inLanguage\":\"da-DK\"}]}<\/script>\n<!-- \/ Yoast SEO plugin. -->","yoast_head_json":{"title":"Din QA & QC konsulent - VIPPHARMA","robots":{"index":"index","follow":"follow","max-snippet":"max-snippet:-1","max-image-preview":"max-image-preview:large","max-video-preview":"max-video-preview:-1"},"canonical":"https:\/\/vippharma.dk\/da\/qa-qc-konsulent\/","og_locale":"da_DK","og_type":"article","og_title":"Din QA & QC konsulent - VIPPHARMA","og_description":"[vc_row][vc_column width=&#8221;1\/2&#8243;][vc_column_text] Din QA &amp; QC konsulent VIPpharma ApS er et selvst\u00e6ndigt konsulentfirma, der tilbyder assistance indenfor kvalitetsomr\u00e5det i den farmaceutisk branche, b\u00e5de indenfor udviklingsomr\u00e5det og for markedsf\u00f8rte l\u00e6gemidler. VIPpharma ApS blev etableret i 2009 af Vibeke Kj\u00e6r W\u00e6rens, der har mere end 25 \u00e5rs indenfor QA, QC og Analytical Development, samt som projektleder, lead&hellip;","og_url":"https:\/\/vippharma.dk\/da\/qa-qc-konsulent\/","og_site_name":"VIPPHARMA","article_modified_time":"2019-06-10T15:37:45+00:00","og_image":[{"width":1613,"height":1075,"url":"http:\/\/vippharma.dk\/wp-content\/uploads\/2019\/02\/Vibeke-Kj\u00e6r-W\u00e6rens-VIP-Pharma_Z9A5688_A.jpg","type":"image\/jpeg"}],"twitter_card":"summary_large_image","twitter_misc":{"Est. reading time":"1 minute"},"schema":{"@context":"https:\/\/schema.org","@graph":[{"@type":"WebPage","@id":"https:\/\/vippharma.dk\/da\/qa-qc-konsulent\/","url":"https:\/\/vippharma.dk\/da\/qa-qc-konsulent\/","name":"Din QA & QC konsulent - VIPPHARMA","isPartOf":{"@id":"https:\/\/vippharma.dk\/#website"},"datePublished":"2018-11-19T10:32:38+00:00","dateModified":"2019-06-10T15:37:45+00:00","breadcrumb":{"@id":"https:\/\/vippharma.dk\/da\/qa-qc-konsulent\/#breadcrumb"},"inLanguage":"da-DK","potentialAction":[{"@type":"ReadAction","target":["https:\/\/vippharma.dk\/da\/qa-qc-konsulent\/"]}]},{"@type":"BreadcrumbList","@id":"https:\/\/vippharma.dk\/da\/qa-qc-konsulent\/#breadcrumb","itemListElement":[{"@type":"ListItem","position":1,"name":"Home","item":"https:\/\/vippharma.dk\/da\/"},{"@type":"ListItem","position":2,"name":"Din QA &#038; QC konsulent"}]},{"@type":"WebSite","@id":"https:\/\/vippharma.dk\/#website","url":"https:\/\/vippharma.dk\/","name":"VIPPHARMA","description":"","potentialAction":[{"@type":"SearchAction","target":{"@type":"EntryPoint","urlTemplate":"https:\/\/vippharma.dk\/?s={search_term_string}"},"query-input":"required name=search_term_string"}],"inLanguage":"da-DK"}]}},"_links":{"self":[{"href":"https:\/\/vippharma.dk\/da\/wp-json\/wp\/v2\/pages\/127"}],"collection":[{"href":"https:\/\/vippharma.dk\/da\/wp-json\/wp\/v2\/pages"}],"about":[{"href":"https:\/\/vippharma.dk\/da\/wp-json\/wp\/v2\/types\/page"}],"author":[{"embeddable":true,"href":"https:\/\/vippharma.dk\/da\/wp-json\/wp\/v2\/users\/2"}],"replies":[{"embeddable":true,"href":"https:\/\/vippharma.dk\/da\/wp-json\/wp\/v2\/comments?post=127"}],"version-history":[{"count":9,"href":"https:\/\/vippharma.dk\/da\/wp-json\/wp\/v2\/pages\/127\/revisions"}],"predecessor-version":[{"id":233,"href":"https:\/\/vippharma.dk\/da\/wp-json\/wp\/v2\/pages\/127\/revisions\/233"}],"wp:featuredmedia":[{"embeddable":true,"href":"https:\/\/vippharma.dk\/da\/wp-json\/wp\/v2\/media\/79"}],"wp:attachment":[{"href":"https:\/\/vippharma.dk\/da\/wp-json\/wp\/v2\/media?parent=127"}],"curies":[{"name":"wp","href":"https:\/\/api.w.org\/{rel}","templated":true}]}}