{"id":139,"date":"2018-11-19T08:55:35","date_gmt":"2018-11-19T08:55:35","guid":{"rendered":"http:\/\/vippharma.dk\/vibeke-kjaer-waerens\/"},"modified":"2019-06-10T20:16:21","modified_gmt":"2019-06-10T19:16:21","slug":"vibeke-kjaer-waerens","status":"publish","type":"page","link":"https:\/\/vippharma.dk\/da\/vibeke-kjaer-waerens\/","title":{"rendered":"Vibeke Kj\u00e6r W\u00e6rens"},"content":{"rendered":"[vc_row][vc_column][vc_column_text]\n<h1>Curriculum Vitae for Vibeke Kj\u00e6r W\u00e6rens<\/h1>\n<p>Opgaver i VIPpharma varetages af ejer og seniorkonsulent Vibeke Kj\u00e6r W\u00e6rens. Dermed sikres VIPpharmas kunder en kvalificeret samarbejdspartner fra start til slut af opgaven, herunder l\u00f8bende statusopdatering, og en yderst struktureret l\u00f8sning af opgaverne p\u00e5 et h\u00f8jt fagligt niveau. Vibeke er meget resultat- og forretningsorienteret med fokus p\u00e5 at finde brugbare l\u00f8sninger. Vibeke har gode samarbejdsevner og indg\u00e5r hurtigt som en naturlig del af teamet. Se eksempler p\u00e5 referencer for Vibeke <a href=\"http:\/\/vippharma.dk\/da\/referencesr\/\">her<\/a>.<\/p>\n<table>\n<tbody>\n<tr>\n<td>2009<\/td>\n<td><strong>Ejer, seniorkonsulent, VIPpharma<\/strong><\/td>\n<\/tr>\n<tr>\n<td>2005-2008<\/td>\n<td><strong>Director QA\/QC, Qualified Person, Ferring A\/S<\/strong><br \/>\nAnsvarlig for de tre afdelinger i kvalitetsomr\u00e5det: QA, Q Release og QC.<br \/>\nPersonaleansvar: Ca. 45 medarbejdere<\/td>\n<\/tr>\n<tr>\n<td>2001-2005<\/td>\n<td><strong>Afdelingsleder, QC Laboratoriet, Ferring A\/S<\/strong><br \/>\nAnsvarlig for frigivelses- og stabilitetsanalyser af f\u00e6rdigvarer, API, r\u00e5varer, bulkprodukter, samt prim\u00e6r emballage.<br \/>\nPersonaleansvar: Ca. 30 medarbejdere<\/td>\n<\/tr>\n<tr>\n<td>1998-2001<\/td>\n<td><strong>QA kemiker, Laboratory &amp; Process Development QA, Novo Nordisk A\/S<\/strong><br \/>\nAnsvarlig for QA sagsbehandling og godkendelse af \u00e6ndrings-sager, afvigelser, SOP&#8217;er, analyseprocedurer, m.m. for QC, Analytical development, Metrologi afdeling og Statistik afdeling.<\/td>\n<\/tr>\n<tr>\n<td>1993-1998<\/td>\n<td><strong>QC teamleder, Analytical Chemical Control, Novo Nordisk A\/S<\/strong><br \/>\nAnsvarlig for QC analyser af r\u00e5varer og WFI vand.<br \/>\nPersonaleansvar: Ca. 6 medarbejdere<\/td>\n<\/tr>\n<tr>\n<td>1992<\/td>\n<td><strong>cand.pharm., Danmarks Farmaceutisk H\u00f8jskole<\/strong> (nu: Det Farmaceutisk Fakultet, K\u00f8benhavns Universitet)<\/td>\n<\/tr>\n<\/tbody>\n<\/table>\n[\/vc_column_text][\/vc_column][\/vc_row]\n","protected":false},"excerpt":{"rendered":"<p>[vc_row][vc_column][vc_column_text] Curriculum Vitae for Vibeke Kj\u00e6r W\u00e6rens Opgaver i VIPpharma varetages af ejer og seniorkonsulent Vibeke Kj\u00e6r W\u00e6rens. Dermed sikres VIPpharmas kunder en kvalificeret samarbejdspartner fra start til slut af opgaven, herunder l\u00f8bende statusopdatering, og en yderst struktureret l\u00f8sning af opgaverne p\u00e5 et h\u00f8jt fagligt niveau. Vibeke er meget resultat- og forretningsorienteret med fokus p\u00e5&hellip;<\/p>\n","protected":false},"author":2,"featured_media":0,"parent":0,"menu_order":0,"comment_status":"closed","ping_status":"closed","template":"","meta":[],"yoast_head":"<!-- This site is optimized with the Yoast SEO plugin v20.4 - https:\/\/yoast.com\/wordpress\/plugins\/seo\/ -->\n<title>Vibeke Kj\u00e6r W\u00e6rens - VIPPHARMA<\/title>\n<meta name=\"robots\" content=\"index, follow, max-snippet:-1, max-image-preview:large, max-video-preview:-1\" \/>\n<link rel=\"canonical\" href=\"https:\/\/vippharma.dk\/da\/vibeke-kjaer-waerens\/\" \/>\n<meta property=\"og:locale\" content=\"da_DK\" \/>\n<meta property=\"og:type\" content=\"article\" \/>\n<meta property=\"og:title\" content=\"Vibeke Kj\u00e6r W\u00e6rens - VIPPHARMA\" \/>\n<meta property=\"og:description\" content=\"[vc_row][vc_column][vc_column_text] Curriculum Vitae for Vibeke Kj\u00e6r W\u00e6rens Opgaver i VIPpharma varetages af ejer og seniorkonsulent Vibeke Kj\u00e6r W\u00e6rens. Dermed sikres VIPpharmas kunder en kvalificeret samarbejdspartner fra start til slut af opgaven, herunder l\u00f8bende statusopdatering, og en yderst struktureret l\u00f8sning af opgaverne p\u00e5 et h\u00f8jt fagligt niveau. Vibeke er meget resultat- og forretningsorienteret med fokus p\u00e5&hellip;\" \/>\n<meta property=\"og:url\" content=\"https:\/\/vippharma.dk\/da\/vibeke-kjaer-waerens\/\" \/>\n<meta property=\"og:site_name\" content=\"VIPPHARMA\" \/>\n<meta property=\"article:modified_time\" content=\"2019-06-10T19:16:21+00:00\" \/>\n<meta name=\"twitter:card\" content=\"summary_large_image\" \/>\n<meta name=\"twitter:label1\" content=\"Est. reading time\" \/>\n\t<meta name=\"twitter:data1\" content=\"1 minute\" \/>\n<script type=\"application\/ld+json\" class=\"yoast-schema-graph\">{\"@context\":\"https:\/\/schema.org\",\"@graph\":[{\"@type\":\"WebPage\",\"@id\":\"https:\/\/vippharma.dk\/da\/vibeke-kjaer-waerens\/\",\"url\":\"https:\/\/vippharma.dk\/da\/vibeke-kjaer-waerens\/\",\"name\":\"Vibeke Kj\u00e6r W\u00e6rens - VIPPHARMA\",\"isPartOf\":{\"@id\":\"https:\/\/vippharma.dk\/#website\"},\"datePublished\":\"2018-11-19T08:55:35+00:00\",\"dateModified\":\"2019-06-10T19:16:21+00:00\",\"breadcrumb\":{\"@id\":\"https:\/\/vippharma.dk\/da\/vibeke-kjaer-waerens\/#breadcrumb\"},\"inLanguage\":\"da-DK\",\"potentialAction\":[{\"@type\":\"ReadAction\",\"target\":[\"https:\/\/vippharma.dk\/da\/vibeke-kjaer-waerens\/\"]}]},{\"@type\":\"BreadcrumbList\",\"@id\":\"https:\/\/vippharma.dk\/da\/vibeke-kjaer-waerens\/#breadcrumb\",\"itemListElement\":[{\"@type\":\"ListItem\",\"position\":1,\"name\":\"Home\",\"item\":\"https:\/\/vippharma.dk\/da\/\"},{\"@type\":\"ListItem\",\"position\":2,\"name\":\"Vibeke Kj\u00e6r W\u00e6rens\"}]},{\"@type\":\"WebSite\",\"@id\":\"https:\/\/vippharma.dk\/#website\",\"url\":\"https:\/\/vippharma.dk\/\",\"name\":\"VIPPHARMA\",\"description\":\"\",\"potentialAction\":[{\"@type\":\"SearchAction\",\"target\":{\"@type\":\"EntryPoint\",\"urlTemplate\":\"https:\/\/vippharma.dk\/?s={search_term_string}\"},\"query-input\":\"required name=search_term_string\"}],\"inLanguage\":\"da-DK\"}]}<\/script>\n<!-- \/ Yoast SEO plugin. -->","yoast_head_json":{"title":"Vibeke Kj\u00e6r W\u00e6rens - VIPPHARMA","robots":{"index":"index","follow":"follow","max-snippet":"max-snippet:-1","max-image-preview":"max-image-preview:large","max-video-preview":"max-video-preview:-1"},"canonical":"https:\/\/vippharma.dk\/da\/vibeke-kjaer-waerens\/","og_locale":"da_DK","og_type":"article","og_title":"Vibeke Kj\u00e6r W\u00e6rens - VIPPHARMA","og_description":"[vc_row][vc_column][vc_column_text] Curriculum Vitae for Vibeke Kj\u00e6r W\u00e6rens Opgaver i VIPpharma varetages af ejer og seniorkonsulent Vibeke Kj\u00e6r W\u00e6rens. Dermed sikres VIPpharmas kunder en kvalificeret samarbejdspartner fra start til slut af opgaven, herunder l\u00f8bende statusopdatering, og en yderst struktureret l\u00f8sning af opgaverne p\u00e5 et h\u00f8jt fagligt niveau. Vibeke er meget resultat- og forretningsorienteret med fokus p\u00e5&hellip;","og_url":"https:\/\/vippharma.dk\/da\/vibeke-kjaer-waerens\/","og_site_name":"VIPPHARMA","article_modified_time":"2019-06-10T19:16:21+00:00","twitter_card":"summary_large_image","twitter_misc":{"Est. reading time":"1 minute"},"schema":{"@context":"https:\/\/schema.org","@graph":[{"@type":"WebPage","@id":"https:\/\/vippharma.dk\/da\/vibeke-kjaer-waerens\/","url":"https:\/\/vippharma.dk\/da\/vibeke-kjaer-waerens\/","name":"Vibeke Kj\u00e6r W\u00e6rens - VIPPHARMA","isPartOf":{"@id":"https:\/\/vippharma.dk\/#website"},"datePublished":"2018-11-19T08:55:35+00:00","dateModified":"2019-06-10T19:16:21+00:00","breadcrumb":{"@id":"https:\/\/vippharma.dk\/da\/vibeke-kjaer-waerens\/#breadcrumb"},"inLanguage":"da-DK","potentialAction":[{"@type":"ReadAction","target":["https:\/\/vippharma.dk\/da\/vibeke-kjaer-waerens\/"]}]},{"@type":"BreadcrumbList","@id":"https:\/\/vippharma.dk\/da\/vibeke-kjaer-waerens\/#breadcrumb","itemListElement":[{"@type":"ListItem","position":1,"name":"Home","item":"https:\/\/vippharma.dk\/da\/"},{"@type":"ListItem","position":2,"name":"Vibeke Kj\u00e6r W\u00e6rens"}]},{"@type":"WebSite","@id":"https:\/\/vippharma.dk\/#website","url":"https:\/\/vippharma.dk\/","name":"VIPPHARMA","description":"","potentialAction":[{"@type":"SearchAction","target":{"@type":"EntryPoint","urlTemplate":"https:\/\/vippharma.dk\/?s={search_term_string}"},"query-input":"required name=search_term_string"}],"inLanguage":"da-DK"}]}},"_links":{"self":[{"href":"https:\/\/vippharma.dk\/da\/wp-json\/wp\/v2\/pages\/139"}],"collection":[{"href":"https:\/\/vippharma.dk\/da\/wp-json\/wp\/v2\/pages"}],"about":[{"href":"https:\/\/vippharma.dk\/da\/wp-json\/wp\/v2\/types\/page"}],"author":[{"embeddable":true,"href":"https:\/\/vippharma.dk\/da\/wp-json\/wp\/v2\/users\/2"}],"replies":[{"embeddable":true,"href":"https:\/\/vippharma.dk\/da\/wp-json\/wp\/v2\/comments?post=139"}],"version-history":[{"count":6,"href":"https:\/\/vippharma.dk\/da\/wp-json\/wp\/v2\/pages\/139\/revisions"}],"predecessor-version":[{"id":251,"href":"https:\/\/vippharma.dk\/da\/wp-json\/wp\/v2\/pages\/139\/revisions\/251"}],"wp:attachment":[{"href":"https:\/\/vippharma.dk\/da\/wp-json\/wp\/v2\/media?parent=139"}],"curies":[{"name":"wp","href":"https:\/\/api.w.org\/{rel}","templated":true}]}}