{"id":167,"date":"2019-02-08T14:42:38","date_gmt":"2019-02-08T13:42:38","guid":{"rendered":"http:\/\/vippharma.dk\/mentoring\/"},"modified":"2019-06-10T20:20:16","modified_gmt":"2019-06-10T19:20:16","slug":"mentoring","status":"publish","type":"page","link":"https:\/\/vippharma.dk\/da\/mentoring\/","title":{"rendered":"Mentoring"},"content":{"rendered":"[vc_row][vc_column][vc_column_text]\n<h1>Mentoring<\/h1>\n<p class=\"p1\"><span class=\"s1\">Vibeke Kj\u00e6r W\u00e6rens er frivillig mentor i PharmaDanmarks mentorordning, hvor hvert mentorforl\u00f8b forl\u00f8ber over et \u00e5r. Dermed er der tid til fordybelse, refleksion og sparring, s\u00e5ledes at mentee opn\u00e5r st\u00f8rre indsigt, samt faglig og personlige udvikling indenfor de omr\u00e5der indenfor karriere, m\u00e5l og udfordringer, som mentee \u00f8nsker sparring omkring. Vibeke har v\u00e6ret mentor for PharmaDanmark siden 2009, hvor mentorordningen begyndte som et pilotprojekt, og de meget positive tilbagemeldinger viser, at alle Vibekes mentorforl\u00f8b har v\u00e6ret en stor succes med konkret udbytte for hver enkelt mentee.<\/span><\/p>\n<p>Vibeke inddrager sine mange \u00e5rs erfaring som leder og som selvst\u00e6ndig konsulent, og sin detaljerede viden om de mange funktioner og roller p\u00e5 jobbet, n\u00e5r hun er mentor, men is\u00e6r Vibekes naturlige empati, evne til at lytte og coache ved at stille de rette sp\u00f8rgsm\u00e5l og give redskaber til en struktureret tilgang til arbejdet med sit mentor emne, bliver fremh\u00e6vet i tilbagemeldingen fra tidligere mentees. Se\u00a0<span class=\"s1\">eksempel p\u00e5 anbefalinger <a href=\"http:\/\/vippharma.dk\/da\/referencesr\/\">her<\/a>.<\/span><\/p>\n<p class=\"p1\"><span class=\"s1\">Ans\u00f8gning til PharmaDanmarks mentorforl\u00f8b sker via dette<\/span>\u00a0<a href=\"https:\/\/www.pharmadanmark.dk\/da\/mentorordning\" target=\"_blank\" rel=\"noopener\">link<\/a>. Det er PharmaDanmark, der sammens\u00e6tter mentor og mentee udfra ans\u00f8gningsskemaet.<\/p>\n<p>Via VIPpharma tilbyder Vibeke Kj\u00e6r W\u00e6rens lignende mentorforl\u00f8b. Du er meget velkommen til at kontakte Vibeke for et uforpligtende tilbud og f\u00e5 inspiration til, hvordan et mentorforl\u00f8b kan sammens\u00e6ttes, s\u00e5 det passer netop til dig og de emner, du \u00f8nsker sparring til. Et mentorforl\u00f8b vil typisk begynde med et uforpligtende introduktionsm\u00f8de til afklaring af dine emner samt planl\u00e6gning af selve forl\u00f8bet, der f.eks. kunne best\u00e5 af 5 mentorm\u00f8der over en periode p\u00e5 3 m\u00e5neder.<\/p>\n<p>Mentor emner er lige s\u00e5 forskellige som mentees \u2013 til inspiration er her nogle eksempler:<\/p>\n<p>Er specialist- eller lederjobbet vejen frem for dig? Er du i tvivl, om du skal blive i dit nuv\u00e6rende job eller s\u00f8ge nye udfordringer?<br \/>\nHvordan skal du f\u00e5 job, karriere og familieliv til at h\u00e6nge sammen?<br \/>\nHvordan skal du agere i et kr\u00e6vende fagligt milj\u00f8, hvor arbejdspresset samtidig er h\u00f8jt?<br \/>\nEr du ny i lederrollen og har brug for at blive hjulpet godt i gang? Er du blevet leder p\u00e5 et h\u00f8jere niveau og skal finde dig til rette i din nye funktion?<br \/>\nOvervejer du at blive selvst\u00e6ndig og har brug for sparring omkring processen? Er du selvst\u00e6ndig og har brug for inputs til udvikling af din forretning?[\/vc_column_text][\/vc_column][\/vc_row]\n","protected":false},"excerpt":{"rendered":"<p>[vc_row][vc_column][vc_column_text] Mentoring Vibeke Kj\u00e6r W\u00e6rens er frivillig mentor i PharmaDanmarks mentorordning, hvor hvert mentorforl\u00f8b forl\u00f8ber over et \u00e5r. Dermed er der tid til fordybelse, refleksion og sparring, s\u00e5ledes at mentee opn\u00e5r st\u00f8rre indsigt, samt faglig og personlige udvikling indenfor de omr\u00e5der indenfor karriere, m\u00e5l og udfordringer, som mentee \u00f8nsker sparring omkring. Vibeke har v\u00e6ret mentor&hellip;<\/p>\n","protected":false},"author":2,"featured_media":0,"parent":0,"menu_order":0,"comment_status":"closed","ping_status":"closed","template":"","meta":[],"yoast_head":"<!-- This site is optimized with the Yoast SEO plugin v20.4 - https:\/\/yoast.com\/wordpress\/plugins\/seo\/ -->\n<title>Mentoring - VIPPHARMA<\/title>\n<meta name=\"robots\" content=\"index, follow, max-snippet:-1, max-image-preview:large, max-video-preview:-1\" \/>\n<link rel=\"canonical\" href=\"https:\/\/vippharma.dk\/da\/mentoring\/\" \/>\n<meta property=\"og:locale\" content=\"da_DK\" \/>\n<meta property=\"og:type\" content=\"article\" \/>\n<meta property=\"og:title\" content=\"Mentoring - VIPPHARMA\" \/>\n<meta property=\"og:description\" content=\"[vc_row][vc_column][vc_column_text] Mentoring Vibeke Kj\u00e6r W\u00e6rens er frivillig mentor i PharmaDanmarks mentorordning, hvor hvert mentorforl\u00f8b forl\u00f8ber over et \u00e5r. Dermed er der tid til fordybelse, refleksion og sparring, s\u00e5ledes at mentee opn\u00e5r st\u00f8rre indsigt, samt faglig og personlige udvikling indenfor de omr\u00e5der indenfor karriere, m\u00e5l og udfordringer, som mentee \u00f8nsker sparring omkring. Vibeke har v\u00e6ret mentor&hellip;\" \/>\n<meta property=\"og:url\" content=\"https:\/\/vippharma.dk\/da\/mentoring\/\" \/>\n<meta property=\"og:site_name\" content=\"VIPPHARMA\" \/>\n<meta property=\"article:modified_time\" content=\"2019-06-10T19:20:16+00:00\" \/>\n<meta name=\"twitter:card\" content=\"summary_large_image\" \/>\n<meta name=\"twitter:label1\" content=\"Est. reading time\" \/>\n\t<meta name=\"twitter:data1\" content=\"2 minutes\" \/>\n<script type=\"application\/ld+json\" class=\"yoast-schema-graph\">{\"@context\":\"https:\/\/schema.org\",\"@graph\":[{\"@type\":\"WebPage\",\"@id\":\"https:\/\/vippharma.dk\/da\/mentoring\/\",\"url\":\"https:\/\/vippharma.dk\/da\/mentoring\/\",\"name\":\"Mentoring - VIPPHARMA\",\"isPartOf\":{\"@id\":\"https:\/\/vippharma.dk\/#website\"},\"datePublished\":\"2019-02-08T13:42:38+00:00\",\"dateModified\":\"2019-06-10T19:20:16+00:00\",\"breadcrumb\":{\"@id\":\"https:\/\/vippharma.dk\/da\/mentoring\/#breadcrumb\"},\"inLanguage\":\"da-DK\",\"potentialAction\":[{\"@type\":\"ReadAction\",\"target\":[\"https:\/\/vippharma.dk\/da\/mentoring\/\"]}]},{\"@type\":\"BreadcrumbList\",\"@id\":\"https:\/\/vippharma.dk\/da\/mentoring\/#breadcrumb\",\"itemListElement\":[{\"@type\":\"ListItem\",\"position\":1,\"name\":\"Home\",\"item\":\"https:\/\/vippharma.dk\/da\/\"},{\"@type\":\"ListItem\",\"position\":2,\"name\":\"Mentoring\"}]},{\"@type\":\"WebSite\",\"@id\":\"https:\/\/vippharma.dk\/#website\",\"url\":\"https:\/\/vippharma.dk\/\",\"name\":\"VIPPHARMA\",\"description\":\"\",\"potentialAction\":[{\"@type\":\"SearchAction\",\"target\":{\"@type\":\"EntryPoint\",\"urlTemplate\":\"https:\/\/vippharma.dk\/?s={search_term_string}\"},\"query-input\":\"required name=search_term_string\"}],\"inLanguage\":\"da-DK\"}]}<\/script>\n<!-- \/ Yoast SEO plugin. -->","yoast_head_json":{"title":"Mentoring - VIPPHARMA","robots":{"index":"index","follow":"follow","max-snippet":"max-snippet:-1","max-image-preview":"max-image-preview:large","max-video-preview":"max-video-preview:-1"},"canonical":"https:\/\/vippharma.dk\/da\/mentoring\/","og_locale":"da_DK","og_type":"article","og_title":"Mentoring - VIPPHARMA","og_description":"[vc_row][vc_column][vc_column_text] Mentoring Vibeke Kj\u00e6r W\u00e6rens er frivillig mentor i PharmaDanmarks mentorordning, hvor hvert mentorforl\u00f8b forl\u00f8ber over et \u00e5r. Dermed er der tid til fordybelse, refleksion og sparring, s\u00e5ledes at mentee opn\u00e5r st\u00f8rre indsigt, samt faglig og personlige udvikling indenfor de omr\u00e5der indenfor karriere, m\u00e5l og udfordringer, som mentee \u00f8nsker sparring omkring. Vibeke har v\u00e6ret mentor&hellip;","og_url":"https:\/\/vippharma.dk\/da\/mentoring\/","og_site_name":"VIPPHARMA","article_modified_time":"2019-06-10T19:20:16+00:00","twitter_card":"summary_large_image","twitter_misc":{"Est. reading time":"2 minutes"},"schema":{"@context":"https:\/\/schema.org","@graph":[{"@type":"WebPage","@id":"https:\/\/vippharma.dk\/da\/mentoring\/","url":"https:\/\/vippharma.dk\/da\/mentoring\/","name":"Mentoring - VIPPHARMA","isPartOf":{"@id":"https:\/\/vippharma.dk\/#website"},"datePublished":"2019-02-08T13:42:38+00:00","dateModified":"2019-06-10T19:20:16+00:00","breadcrumb":{"@id":"https:\/\/vippharma.dk\/da\/mentoring\/#breadcrumb"},"inLanguage":"da-DK","potentialAction":[{"@type":"ReadAction","target":["https:\/\/vippharma.dk\/da\/mentoring\/"]}]},{"@type":"BreadcrumbList","@id":"https:\/\/vippharma.dk\/da\/mentoring\/#breadcrumb","itemListElement":[{"@type":"ListItem","position":1,"name":"Home","item":"https:\/\/vippharma.dk\/da\/"},{"@type":"ListItem","position":2,"name":"Mentoring"}]},{"@type":"WebSite","@id":"https:\/\/vippharma.dk\/#website","url":"https:\/\/vippharma.dk\/","name":"VIPPHARMA","description":"","potentialAction":[{"@type":"SearchAction","target":{"@type":"EntryPoint","urlTemplate":"https:\/\/vippharma.dk\/?s={search_term_string}"},"query-input":"required name=search_term_string"}],"inLanguage":"da-DK"}]}},"_links":{"self":[{"href":"https:\/\/vippharma.dk\/da\/wp-json\/wp\/v2\/pages\/167"}],"collection":[{"href":"https:\/\/vippharma.dk\/da\/wp-json\/wp\/v2\/pages"}],"about":[{"href":"https:\/\/vippharma.dk\/da\/wp-json\/wp\/v2\/types\/page"}],"author":[{"embeddable":true,"href":"https:\/\/vippharma.dk\/da\/wp-json\/wp\/v2\/users\/2"}],"replies":[{"embeddable":true,"href":"https:\/\/vippharma.dk\/da\/wp-json\/wp\/v2\/comments?post=167"}],"version-history":[{"count":8,"href":"https:\/\/vippharma.dk\/da\/wp-json\/wp\/v2\/pages\/167\/revisions"}],"predecessor-version":[{"id":252,"href":"https:\/\/vippharma.dk\/da\/wp-json\/wp\/v2\/pages\/167\/revisions\/252"}],"wp:attachment":[{"href":"https:\/\/vippharma.dk\/da\/wp-json\/wp\/v2\/media?parent=167"}],"curies":[{"name":"wp","href":"https:\/\/api.w.org\/{rel}","templated":true}]}}